{"id":9,"date":"2025-11-10T19:17:49","date_gmt":"2025-11-10T19:17:49","guid":{"rendered":"https:\/\/ac-aa.nl\/?page_id=9"},"modified":"2026-01-26T23:45:22","modified_gmt":"2026-01-26T22:45:22","slug":"helder-financieel-inzicht-en-rust-in-je-onderneming","status":"publish","type":"page","link":"https:\/\/ac-aa.nl\/","title":{"rendered":"Welkom"},"content":{"rendered":"\n<p><style>\n\/* ===== AC Modern Home (hard\/robust) ===== *\/<br \/>\n.ac-home2{max-width:1100px;margin:0 auto;padding:26px 16px 34px}<br \/>\n.ac-home2 *{box-sizing:border-box}<br \/>\n.ac-home2 h1,.ac-home2 h2,.ac-home2 h3{margin:0}<br \/>\n.ac-home2 p{margin:0}<\/p>\n<p>.ac2-hero{<br \/>\n  position:relative;<br \/>\n  border-radius:18px;<br \/>\n  overflow:hidden;<br \/>\n  border:1px solid rgba(0,0,0,.10);<br \/>\n  min-height:420px;<br \/>\n  padding:34px;<br \/>\n  display:grid;<br \/>\n  align-items:end;<br \/>\n  color:#fff;<\/p>\n<p>  \/* fallback als theme CSS sloopt *\/<br \/>\n  background-size:cover !important;<br \/>\n  background-position:center !important;<br \/>\n  background-repeat:no-repeat !important;<br \/>\n}<\/p>\n<p>.ac2-hero::before{<br \/>\n  content:\"\";<br \/>\n  position:absolute; inset:0;<br \/>\n  background:linear-gradient(180deg, rgba(11,31,59,.58), rgba(11,31,59,.10));<br \/>\n  pointer-events:none;<br \/>\n}<\/p>\n<p>.ac2-hero__content{position:relative;max-width:720px}<br \/>\n.ac2-eyebrow{<br \/>\n  font-size:12px;letter-spacing:.08em;text-transform:uppercase;<br \/>\n  opacity:.92;margin-bottom:10px<br \/>\n}<br \/>\n.ac2-title{<br \/>\n  font-size:clamp(30px,3.4vw,48px);<br \/>\n  line-height:1.08;font-weight:900<br \/>\n}<br \/>\n.ac2-lead{<br \/>\n  margin-top:12px;max-width:560px;<br \/>\n  font-size:18px;line-height:1.6;opacity:.95<br \/>\n}<\/p>\n<p>.ac2-cta{margin-top:16px;display:flex;gap:10px;flex-wrap:wrap}<br \/>\n.ac2-btn{<br \/>\n  display:inline-flex;align-items:center;justify-content:center;<br \/>\n  padding:12px 16px;border-radius:999px;font-weight:900;<br \/>\n  text-decoration:none !important;<br \/>\n  border:1px solid transparent;<br \/>\n}<br \/>\n.ac2-btn--primary{background:#0b1f3b;color:#fff !important}<br \/>\n.ac2-btn--ghost{<br \/>\n  background:rgba(255,255,255,.14);<br \/>\n  border-color:rgba(255,255,255,.28);<br \/>\n  color:#fff !important;<br \/>\n  backdrop-filter: blur(6px);<br \/>\n}<br \/>\n.ac2-btn--ghost:hover{background:rgba(255,255,255,.20)}<\/p>\n<p>.ac2-trust{margin-top:14px;display:flex;gap:8px;flex-wrap:wrap}<br \/>\n.ac2-pill{<br \/>\n  font-size:13px;font-weight:800;<br \/>\n  padding:8px 10px;border-radius:999px;<br \/>\n  background:rgba(255,255,255,.14);<br \/>\n  border:1px solid rgba(255,255,255,.22);<br \/>\n}<\/p>\n<p>.ac2-section{margin-top:16px}<br \/>\n.ac2-grid4{display:grid;grid-template-columns:repeat(4,1fr);gap:14px}<br \/>\n.ac2-grid3{display:grid;grid-template-columns:repeat(3,1fr);gap:16px;margin-top:12px}<\/p>\n<p>.ac2-card{<br \/>\n  background:#fff !important;<br \/>\n  border:1px solid rgba(0,0,0,.10) !important;<br \/>\n  border-radius:18px;<br \/>\n  padding:18px;<br \/>\n  color:#111;<br \/>\n}<br \/>\n.ac2-mini h3{font-size:16px;margin-bottom:6px}<br \/>\n.ac2-mini p{color:rgba(0,0,0,.78);line-height:1.55}<\/p>\n<p>.ac2-head h2{font-size:22px;margin-bottom:6px}<br \/>\n.ac2-head p{color:rgba(0,0,0,.62);line-height:1.6}<\/p>\n<p>.ac2-service h3{font-size:18px;margin:10px 0 6px}<br \/>\n.ac2-service p{color:rgba(0,0,0,.78);line-height:1.65;margin-bottom:10px}<br \/>\n.ac2-link{<br \/>\n  color:#0b1f3b;font-weight:900;text-decoration:none;<br \/>\n  border-bottom:1px dashed rgba(11,31,59,.35)<br \/>\n}<br \/>\n.ac2-link:hover{border-bottom-style:solid}<\/p>\n<p>.ac2-icon{<br \/>\n  width:44px;height:44px;border-radius:14px;<br \/>\n  background:rgba(201,184,164,.20); \/* taupe accent *\/<br \/>\n  border:1px solid rgba(201,184,164,.45);<br \/>\n  display:flex;align-items:center;justify-content:center;<br \/>\n  color:#0b1f3b;<br \/>\n}<br \/>\n.ac2-icon svg{width:22px;height:22px}<\/p>\n<p>@media (max-width:1000px){<br \/>\n  .ac2-grid4{grid-template-columns:repeat(2,1fr)}<br \/>\n}<br \/>\n@media (max-width:900px){<br \/>\n  .ac2-grid3{grid-template-columns:1fr}<br \/>\n}<br \/>\n<\/style><\/p>\n\n\n\n<section class=\"ac-home2\">\n<p><!-- HERO (met inline background zodat foto altijd blijft) --><\/p>\n<header class=\"ac2-hero\" style=\"background-image: url('https:\/\/images.unsplash.com\/photo-1520607162513-77705c0f0d4a?auto=format&amp;fit=crop&amp;w=1800&amp;q=80');\">\n<div class=\"ac2-hero__content\">\n<div class=\"ac2-eyebrow\">Administratiekantoor voor ZZP &amp; BV\u2019s \u2022 Beverwijk<\/div>\n<div class=\"ac2-title\">Helder in cijfers,<br>sterk in advies.<\/div>\n<div class=\"ac2-lead\">Administratie, btw en jaarwerk met korte lijnen en duidelijke afspraken.<\/div>\n<div class=\"ac2-cta\"><a class=\"ac2-btn ac2-btn--primary\" href=\"https:\/\/ac-aa.nl\/index.php\/contact\/\">Contact opnemen<\/a><br><a class=\"ac2-btn ac2-btn--ghost\" href=\"https:\/\/ac-aa.nl\/index.php\/homepage\/\">Vrijblijvende offerte<\/a><\/div>\n<div class=\"ac2-trust\">\n<div class=\"ac2-pill\">Reactie: binnen 1 werkdag<\/div>\n<div class=\"ac2-pill\">Geen opzegtermijn<\/div>\n<div class=\"ac2-pill\">Vaste pakketten<\/div>\n<\/div>\n<\/div>\n<\/header>\n<p><!-- USP cards --><\/p>\n<section class=\"ac2-section\">\n<div class=\"ac2-grid4\">\n<div class=\"ac2-card ac2-mini\">\n<h3>Persoonlijk contact<\/h3>\n<p>\u00c9\u00e9n aanspreekpunt, korte lijnen.<\/p>\n<\/div>\n<div class=\"ac2-card ac2-mini\">\n<h3>Duidelijk &amp; effici\u00ebnt<\/h3>\n<p>Geen ruis, wel overzicht.<\/p>\n<\/div>\n<div class=\"ac2-card ac2-mini\">\n<h3>Transparante tarieven<\/h3>\n<p>Geen verrassingen achteraf.<\/p>\n<\/div>\n<div class=\"ac2-card ac2-mini\">\n<h3>Ook voor BV\u2019s<\/h3>\n<p>Jaarrekening &amp; publicatie.<\/p>\n<\/div>\n<\/div>\n<\/section>\n<p><!-- Services --><\/p>\n<section class=\"ac2-section\">\n<div class=\"ac2-head\">\n<h2>Wat we voor je doen<\/h2>\n<p>Drie kerngebieden \u2014 helder en snel te scannen.<\/p>\n<\/div>\n<div class=\"ac2-grid3\">\n<article class=\"ac2-card ac2-service\">\n<div class=\"ac2-icon\" aria-hidden=\"true\">&nbsp;<\/div>\n<h3>Administratie &amp; btw<\/h3>\n<p>Boekhouding, verwerking en btw-aangifte. Rust en structuur.<\/p>\n<p><a class=\"ac2-link\" href=\"https:\/\/ac-aa.nl\/index.php\/diensten\/\">Bekijk diensten \u2192<\/a><\/p>\n<\/article>\n<article class=\"ac2-card ac2-service\">\n<div class=\"ac2-icon\" aria-hidden=\"true\">&nbsp;<\/div>\n<h3>Inzicht &amp; rapportage<\/h3>\n<p>Tussentijdse inzichten die je \u00e9cht helpen sturen.<\/p>\n<p><a class=\"ac2-link\" href=\"https:\/\/ac-aa.nl\/index.php\/diensten\/\">Rapportage \u2192<\/a><\/p>\n<\/article>\n<article class=\"ac2-card ac2-service\">\n<div class=\"ac2-icon\" aria-hidden=\"true\">&nbsp;<\/div>\n<h3>Jaarwerk &amp; BV<\/h3>\n<p>Jaarrekening, publicatie en fiscale begeleiding.<\/p>\n<p><a class=\"ac2-link\" href=\"https:\/\/ac-aa.nl\/index.php\/homepage\/\">Tarieven \u2192<\/a><\/p>\n<\/article>\n<\/div>\n<\/section>\n<\/section>\n","protected":false},"excerpt":{"rendered":"<p>Administratiekantoor voor ZZP &amp; BV\u2019s \u2022 Beverwijk Helder in cijfers,sterk in advies. Administratie, btw en jaarwerk met korte lijnen en duidelijke afspraken. Contact opnemenVrijblijvende offerte Reactie: binnen 1 werkdag Geen opzegtermijn Vaste pakketten Persoonlijk contact \u00c9\u00e9n aanspreekpunt, korte lijnen. Duidelijk &amp; effici\u00ebnt Geen ruis, wel overzicht. Transparante tarieven Geen verrassingen achteraf. Ook voor BV\u2019s Jaarrekening&#8230;<\/p>\n","protected":false},"author":1,"featured_media":0,"parent":0,"menu_order":0,"comment_status":"closed","ping_status":"closed","template":"","meta":{"_kadence_starter_templates_imported_post":false,"_kad_post_transparent":"","_kad_post_title":"","_kad_post_layout":"","_kad_post_sidebar_id":"","_kad_post_content_style":"","_kad_post_vertical_padding":"","_kad_post_feature":"","_kad_post_feature_position":"","_kad_post_header":false,"_kad_post_footer":false,"_kad_post_classname":"","footnotes":""},"class_list":["post-9","page","type-page","status-publish","hentry"],"_links":{"self":[{"href":"https:\/\/ac-aa.nl\/index.php\/wp-json\/wp\/v2\/pages\/9","targetHints":{"allow":["GET"]}}],"collection":[{"href":"https:\/\/ac-aa.nl\/index.php\/wp-json\/wp\/v2\/pages"}],"about":[{"href":"https:\/\/ac-aa.nl\/index.php\/wp-json\/wp\/v2\/types\/page"}],"author":[{"embeddable":true,"href":"https:\/\/ac-aa.nl\/index.php\/wp-json\/wp\/v2\/users\/1"}],"replies":[{"embeddable":true,"href":"https:\/\/ac-aa.nl\/index.php\/wp-json\/wp\/v2\/comments?post=9"}],"version-history":[{"count":71,"href":"https:\/\/ac-aa.nl\/index.php\/wp-json\/wp\/v2\/pages\/9\/revisions"}],"predecessor-version":[{"id":410,"href":"https:\/\/ac-aa.nl\/index.php\/wp-json\/wp\/v2\/pages\/9\/revisions\/410"}],"wp:attachment":[{"href":"https:\/\/ac-aa.nl\/index.php\/wp-json\/wp\/v2\/media?parent=9"}],"curies":[{"name":"wp","href":"https:\/\/api.w.org\/{rel}","templated":true}]}}